{"id":1832,"date":"2017-02-07T15:19:33","date_gmt":"2017-02-07T14:19:33","guid":{"rendered":"http:\/\/kamienie24.pl\/?post_type=product&#038;p=1832"},"modified":"2017-02-08T15:36:08","modified_gmt":"2017-02-08T14:36:08","slug":"impregnat-stone-care","status":"publish","type":"product","link":"https:\/\/kamienie24.pl\/index.php\/produkt\/impregnat-stone-care\/","title":{"rendered":"impregnat stone care"},"content":{"rendered":"<p style=\"text-align: center;\">Impregnat STONE CARE &#8211; wodny preparat oparty na hydro- oraz oleofobowych silanach oraz siloksanach. Zapewnia doskona\u0142\u0105 ochron\u0119 impregnowanych powierzchni przed dzia\u0142aniem olei, wody, a tak\u017ce zabezpiecza je przed porastaniem mchem oraz rozwojem mikroorganizm\u00f3w. Preparat STONE CARE NATURAL nie wp\u0142ywa na naturalne zdolno\u015bci oddechowe zabezpieczanego pod\u0142o\u017ca, co powoduje, \u017ce proces impregnacji mo\u017ce by\u0107 wykonywany na pod\u0142o\u017cach wilgotnych.<\/p>\n<p style=\"text-align: center;\"><img loading=\"lazy\" decoding=\"async\" class=\"alignnone  wp-image-1913\" src=\"https:\/\/kamienie24.pl\/wp-content\/uploads\/2017\/02\/Impregnat-STONE-CARE.png\" alt=\"Impregnat STONE CARE\" width=\"185\" height=\"185\" srcset=\"https:\/\/kamienie24.pl\/wp-content\/uploads\/2017\/02\/Impregnat-STONE-CARE.png 300w, https:\/\/kamienie24.pl\/wp-content\/uploads\/2017\/02\/Impregnat-STONE-CARE-100x100.png 100w, https:\/\/kamienie24.pl\/wp-content\/uploads\/2017\/02\/Impregnat-STONE-CARE-150x150.png 150w, https:\/\/kamienie24.pl\/wp-content\/uploads\/2017\/02\/Impregnat-STONE-CARE-187x187.png 187w\" sizes=\"auto, (max-width: 185px) 100vw, 185px\" \/><\/p>\n","protected":false},"excerpt":{"rendered":"<p>Impregnat STONE CARE &#8211; wodny preparat oparty na hydro- oraz oleofobowych silanach oraz siloksanach. Zapewnia doskona\u0142\u0105 ochron\u0119 impregnowanych powierzchni przed dzia\u0142aniem olei, wody, a tak\u017ce zabezpiecza je przed porastaniem mchem oraz rozwojem mikroorganizm\u00f3w. Preparat STONE CARE NATURAL nie wp\u0142ywa na naturalne zdolno\u015bci oddechowe zabezpieczanego pod\u0142o\u017ca, co powoduje, \u017ce proces impregnacji mo\u017ce by\u0107 wykonywany na pod\u0142o\u017cach<\/p>\n","protected":false},"featured_media":1341,"comment_status":"closed","ping_status":"closed","template":"","meta":[],"product_brand":[],"product_cat":[57],"product_tag":[],"class_list":{"0":"post-1832","1":"product","2":"type-product","3":"status-publish","4":"has-post-thumbnail","6":"product_cat-impregnaty","8":"first","9":"instock","10":"taxable","11":"shipping-taxable","12":"product-type-simple","13":"prodpage-style2"},"_links":{"self":[{"href":"https:\/\/kamienie24.pl\/index.php\/wp-json\/wp\/v2\/product\/1832","targetHints":{"allow":["GET"]}}],"collection":[{"href":"https:\/\/kamienie24.pl\/index.php\/wp-json\/wp\/v2\/product"}],"about":[{"href":"https:\/\/kamienie24.pl\/index.php\/wp-json\/wp\/v2\/types\/product"}],"replies":[{"embeddable":true,"href":"https:\/\/kamienie24.pl\/index.php\/wp-json\/wp\/v2\/comments?post=1832"}],"wp:featuredmedia":[{"embeddable":true,"href":"https:\/\/kamienie24.pl\/index.php\/wp-json\/wp\/v2\/media\/1341"}],"wp:attachment":[{"href":"https:\/\/kamienie24.pl\/index.php\/wp-json\/wp\/v2\/media?parent=1832"}],"wp:term":[{"taxonomy":"product_brand","embeddable":true,"href":"https:\/\/kamienie24.pl\/index.php\/wp-json\/wp\/v2\/product_brand?post=1832"},{"taxonomy":"product_cat","embeddable":true,"href":"https:\/\/kamienie24.pl\/index.php\/wp-json\/wp\/v2\/product_cat?post=1832"},{"taxonomy":"product_tag","embeddable":true,"href":"https:\/\/kamienie24.pl\/index.php\/wp-json\/wp\/v2\/product_tag?post=1832"}],"curies":[{"name":"wp","href":"https:\/\/api.w.org\/{rel}","templated":true}]}}